{"id":1748,"date":"2026-02-28T21:28:05","date_gmt":"2026-02-28T21:28:05","guid":{"rendered":"https:\/\/autonomed.cl\/wp\/?page_id=1748"},"modified":"2026-02-28T21:56:41","modified_gmt":"2026-02-28T21:56:41","slug":"perfil-del-autor","status":"publish","type":"page","link":"https:\/\/autonomed.cl\/wp\/perfil-del-autor\/","title":{"rendered":"Perfil del autor"},"content":{"rendered":"\n<figure class=\"wp-block-image size-large\"><img loading=\"lazy\" decoding=\"async\" width=\"1024\" height=\"682\" src=\"https:\/\/autonomed.cl\/wp\/wp-content\/uploads\/2026\/02\/foto_inaction-1-1024x682.jpg\" alt=\"foto inaction (1)\" class=\"wp-image-1698\" srcset=\"https:\/\/autonomed.cl\/wp\/wp-content\/uploads\/2026\/02\/foto_inaction-1-1024x682.jpg 1024w, https:\/\/autonomed.cl\/wp\/wp-content\/uploads\/2026\/02\/foto_inaction-1-300x200.jpg 300w, https:\/\/autonomed.cl\/wp\/wp-content\/uploads\/2026\/02\/foto_inaction-1-768x512.jpg 768w, https:\/\/autonomed.cl\/wp\/wp-content\/uploads\/2026\/02\/foto_inaction-1-1536x1024.jpg 1536w, https:\/\/autonomed.cl\/wp\/wp-content\/uploads\/2026\/02\/foto_inaction-1.jpg 2000w\" sizes=\"auto, (max-width: 1024px) 100vw, 1024px\" \/><\/figure>\n\n\n\n<p>Ren\u00e9 Jara Reyes<\/p>\n\n\n\n<p>Soy Profesor Asociado de la Universidad de Santiago de Chile desde el a\u00f1o 2015. Antes de esto, realice mis estudios de periodismo y comunicaciones en la Casa de Bello y mi master y PhD. en Ciencia Pol\u00edtica de la Universit\u00e9 de Grenoble-Alpes. He formado varias generaciones de estudiantes de pre y postgrado en la disciplina, lo cual constituye mi principal af\u00e1n profesional. Llegando a lo importante, disfruto viendo crecer a Jacinta y Manuel, sin duda mi principal contribuci\u00f3n a este mundo. A eso me ayuda mi compa\u00f1era Consuelo desde tiempos inmemoriales. El resto del tiempo intento lo pas\u00f3 con Lila, infaltable compa\u00f1\u00eda en el d\u00eda a d\u00eda.<\/p>\n\n\n\n<p>Este blog es mi bit\u00e1cora personal del proceso de investigaci\u00f3n del proyecto. Aqu\u00ed encontraran reflexiones de campo, impresiones de las visitas a varios medios en regiones y en general, comentarios sobre la constante mutaci\u00f3n del ecosistema medi\u00e1tico chileno.<\/p>\n\n\n\n<p>\ud83d\udccd Chile \ud83d\udd17 <a href=\"https:\/\/www.autonomed.cl\">www.autonomed.cl<\/a><\/p>\n","protected":false},"excerpt":{"rendered":"<p>Ren\u00e9 Jara Reyes Soy Profesor Asociado de la Universidad de Santiago de Chile desde el a\u00f1o 2015. Antes de esto, realice mis estudios de periodismo y comunicaciones en la Casa de Bello y mi master y PhD. en Ciencia Pol\u00edtica de la Universit\u00e9 de Grenoble-Alpes. He formado varias generaciones de estudiantes de pre y postgrado &hellip; <a href=\"https:\/\/autonomed.cl\/wp\/perfil-del-autor\/\" class=\"more-link\">Sigue leyendo <span class=\"screen-reader-text\">Perfil del autor<\/span><\/a><\/p>\n","protected":false},"author":1,"featured_media":0,"parent":0,"menu_order":0,"comment_status":"closed","ping_status":"closed","template":"","meta":{"footnotes":""},"class_list":["post-1748","page","type-page","status-publish","hentry"],"_links":{"self":[{"href":"https:\/\/autonomed.cl\/wp\/wp-json\/wp\/v2\/pages\/1748","targetHints":{"allow":["GET"]}}],"collection":[{"href":"https:\/\/autonomed.cl\/wp\/wp-json\/wp\/v2\/pages"}],"about":[{"href":"https:\/\/autonomed.cl\/wp\/wp-json\/wp\/v2\/types\/page"}],"author":[{"embeddable":true,"href":"https:\/\/autonomed.cl\/wp\/wp-json\/wp\/v2\/users\/1"}],"replies":[{"embeddable":true,"href":"https:\/\/autonomed.cl\/wp\/wp-json\/wp\/v2\/comments?post=1748"}],"version-history":[{"count":3,"href":"https:\/\/autonomed.cl\/wp\/wp-json\/wp\/v2\/pages\/1748\/revisions"}],"predecessor-version":[{"id":1763,"href":"https:\/\/autonomed.cl\/wp\/wp-json\/wp\/v2\/pages\/1748\/revisions\/1763"}],"wp:attachment":[{"href":"https:\/\/autonomed.cl\/wp\/wp-json\/wp\/v2\/media?parent=1748"}],"curies":[{"name":"wp","href":"https:\/\/api.w.org\/{rel}","templated":true}]}}